{"id":71,"date":"2017-07-12T05:53:59","date_gmt":"2017-07-12T05:53:59","guid":{"rendered":"http:\/\/loistoria.com\/index.php\/about\/"},"modified":"2020-09-12T17:55:30","modified_gmt":"2020-09-12T16:55:30","slug":"about","status":"publish","type":"page","link":"https:\/\/loistoria.com\/index.php\/about\/","title":{"rendered":"About"},"content":{"rendered":"\t\t<div data-elementor-type=\"wp-post\" data-elementor-id=\"71\" class=\"elementor elementor-71\">\n\t\t\t\t\t\t<section class=\"elementor-section elementor-top-section elementor-element elementor-element-3taujn5 elementor-section-boxed elementor-section-height-default elementor-section-height-default\" data-id=\"3taujn5\" data-element_type=\"section\" data-settings=\"{&quot;background_background&quot;:&quot;classic&quot;}\">\n\t\t\t\t\t\t\t<div class=\"elementor-background-overlay\"><\/div>\n\t\t\t\t\t\t\t<div class=\"elementor-container elementor-column-gap-default\">\n\t\t\t\t\t<div class=\"elementor-column elementor-col-100 elementor-top-column elementor-element elementor-element-vjksd7g\" data-id=\"vjksd7g\" data-element_type=\"column\" data-settings=\"{&quot;background_background&quot;:&quot;classic&quot;}\">\n\t\t\t<div class=\"elementor-widget-wrap elementor-element-populated\">\n\t\t\t\t\t\t<div class=\"elementor-element elementor-element-c7wr8i6 elementor-widget elementor-widget-heading\" data-id=\"c7wr8i6\" data-element_type=\"widget\" data-widget_type=\"heading.default\">\n\t\t\t\t<div class=\"elementor-widget-container\">\n\t\t\t\t\t<h1 class=\"elementor-heading-title elementor-size-default\">A propos<\/h1>\t\t\t\t<\/div>\n\t\t\t\t<\/div>\n\t\t\t\t\t<\/div>\n\t\t<\/div>\n\t\t\t\t\t<\/div>\n\t\t<\/section>\n\t\t\t\t<section class=\"elementor-section elementor-top-section elementor-element elementor-element-fapomye elementor-section-content-bottom elementor-section-boxed elementor-section-height-default elementor-section-height-default\" data-id=\"fapomye\" data-element_type=\"section\">\n\t\t\t\t\t\t<div class=\"elementor-container elementor-column-gap-default\">\n\t\t\t\t\t<div class=\"elementor-column elementor-col-50 elementor-top-column elementor-element elementor-element-9u16jx9\" data-id=\"9u16jx9\" data-element_type=\"column\">\n\t\t\t<div class=\"elementor-widget-wrap elementor-element-populated\">\n\t\t\t\t\t\t<div class=\"elementor-element elementor-element-krsap84 elementor-widget elementor-widget-heading\" data-id=\"krsap84\" data-element_type=\"widget\" data-widget_type=\"heading.default\">\n\t\t\t\t<div class=\"elementor-widget-container\">\n\t\t\t\t\t<h2 class=\"elementor-heading-title elementor-size-default\">Pr\u00e9sentation<\/h2>\t\t\t\t<\/div>\n\t\t\t\t<\/div>\n\t\t\t\t<div class=\"elementor-element elementor-element-8df2fe0 elementor-widget elementor-widget-text-editor\" data-id=\"8df2fe0\" data-element_type=\"widget\" data-widget_type=\"text-editor.default\">\n\t\t\t\t<div class=\"elementor-widget-container\">\n\t\t\t\t\t\t\t\t\t<p>Scrum master, d\u00e9veloppeur full-stack, manager, architecte : mon parcours professionnel m&rsquo;a permis d&rsquo;\u00e9voluer dans ce monde en changement. J&rsquo;appr\u00e9cie \u00e9changer autour des pratiques Agiles.<\/p><p>J&rsquo;ai lanc\u00e9 de projet Lo Istoria en d\u00e9but d&rsquo;ann\u00e9e (2020) pour tester certaines technologies et surtout pour avoir un outils r\u00e9pondant mieux aux besoins de vouloir raconter sa biographie.<\/p><p>Ce projet est en phase b\u00eata et je cherche encore un mod\u00e8le \u00e9conomique pour mieux avancer ce projet.<\/p><p>\u00a0<\/p>\t\t\t\t\t\t\t\t<\/div>\n\t\t\t\t<\/div>\n\t\t\t\t\t<\/div>\n\t\t<\/div>\n\t\t\t\t<div class=\"elementor-column elementor-col-50 elementor-top-column elementor-element elementor-element-jk2hlai\" data-id=\"jk2hlai\" data-element_type=\"column\">\n\t\t\t<div class=\"elementor-widget-wrap elementor-element-populated\">\n\t\t\t\t\t\t<div class=\"elementor-element elementor-element-b4oo6jw elementor-widget elementor-widget-image\" data-id=\"b4oo6jw\" data-element_type=\"widget\" data-widget_type=\"image.default\">\n\t\t\t\t<div class=\"elementor-widget-container\">\n\t\t\t\t\t\t\t\t\t\t\t\t\t\t\t<img fetchpriority=\"high\" decoding=\"async\" width=\"632\" height=\"800\" src=\"https:\/\/loistoria.com\/wp-content\/uploads\/2020\/08\/identite1.jpg\" class=\"attachment-full size-full wp-image-1271\" alt=\"\" srcset=\"https:\/\/loistoria.com\/wp-content\/uploads\/2020\/08\/identite1.jpg 632w, https:\/\/loistoria.com\/wp-content\/uploads\/2020\/08\/identite1-237x300.jpg 237w\" sizes=\"(max-width: 632px) 100vw, 632px\" \/>\t\t\t\t\t\t\t\t\t\t\t\t\t\t\t<\/div>\n\t\t\t\t<\/div>\n\t\t\t\t\t<\/div>\n\t\t<\/div>\n\t\t\t\t\t<\/div>\n\t\t<\/section>\n\t\t\t\t<section class=\"elementor-section elementor-inner-section elementor-element elementor-element-gsqufme elementor-section-boxed elementor-section-height-default elementor-section-height-default\" data-id=\"gsqufme\" data-element_type=\"section\" data-settings=\"{&quot;background_background&quot;:&quot;classic&quot;}\">\n\t\t\t\t\t\t<div class=\"elementor-container elementor-column-gap-default\">\n\t\t\t\t\t<div class=\"elementor-column elementor-col-50 elementor-inner-column elementor-element elementor-element-iqckaiy\" data-id=\"iqckaiy\" data-element_type=\"column\">\n\t\t\t<div class=\"elementor-widget-wrap elementor-element-populated\">\n\t\t\t\t\t\t<div class=\"elementor-element elementor-element-af65258 elementor-widget elementor-widget-heading\" data-id=\"af65258\" data-element_type=\"widget\" data-widget_type=\"heading.default\">\n\t\t\t\t<div class=\"elementor-widget-container\">\n\t\t\t\t\t<h2 class=\"elementor-heading-title elementor-size-default\">Mes autres projets<\/h2>\t\t\t\t<\/div>\n\t\t\t\t<\/div>\n\t\t\t\t\t<\/div>\n\t\t<\/div>\n\t\t\t\t<div class=\"elementor-column elementor-col-50 elementor-inner-column elementor-element elementor-element-sxgbxab\" data-id=\"sxgbxab\" data-element_type=\"column\">\n\t\t\t<div class=\"elementor-widget-wrap\">\n\t\t\t\t\t\t\t<\/div>\n\t\t<\/div>\n\t\t\t\t\t<\/div>\n\t\t<\/section>\n\t\t\t\t<section class=\"elementor-section elementor-top-section elementor-element elementor-element-3tnw2jp elementor-section-boxed elementor-section-height-default elementor-section-height-default\" data-id=\"3tnw2jp\" data-element_type=\"section\" data-settings=\"{&quot;background_background&quot;:&quot;classic&quot;}\">\n\t\t\t\t\t\t<div class=\"elementor-container elementor-column-gap-default\">\n\t\t\t\t\t<div class=\"elementor-column elementor-col-33 elementor-top-column elementor-element elementor-element-zi9nh6d\" data-id=\"zi9nh6d\" data-element_type=\"column\">\n\t\t\t<div class=\"elementor-widget-wrap elementor-element-populated\">\n\t\t\t\t\t\t<div class=\"elementor-element elementor-element-cl7vsme elementor-widget elementor-widget-spacer\" data-id=\"cl7vsme\" data-element_type=\"widget\" data-widget_type=\"spacer.default\">\n\t\t\t\t<div class=\"elementor-widget-container\">\n\t\t\t\t\t\t\t<div class=\"elementor-spacer\">\n\t\t\t<div class=\"elementor-spacer-inner\"><\/div>\n\t\t<\/div>\n\t\t\t\t\t\t<\/div>\n\t\t\t\t<\/div>\n\t\t\t\t<div class=\"elementor-element elementor-element-uiyj1lz elementor-position-top elementor-widget elementor-widget-image-box\" data-id=\"uiyj1lz\" data-element_type=\"widget\" data-widget_type=\"image-box.default\">\n\t\t\t\t<div class=\"elementor-widget-container\">\n\t\t\t\t\t<div class=\"elementor-image-box-wrapper\"><figure class=\"elementor-image-box-img\"><a href=\"http:\/\/retrocards.loistoria.com\/\" tabindex=\"-1\"><img decoding=\"async\" width=\"648\" height=\"386\" src=\"https:\/\/loistoria.com\/wp-content\/uploads\/2020\/08\/Capture.png\" class=\"attachment-full size-full wp-image-1270\" alt=\"\" srcset=\"https:\/\/loistoria.com\/wp-content\/uploads\/2020\/08\/Capture.png 648w, https:\/\/loistoria.com\/wp-content\/uploads\/2020\/08\/Capture-300x179.png 300w\" sizes=\"(max-width: 648px) 100vw, 648px\" \/><\/a><\/figure><div class=\"elementor-image-box-content\"><h4 class=\"elementor-image-box-title\"><a href=\"http:\/\/retrocards.loistoria.com\/\">Retrocards<\/a><\/h4><p class=\"elementor-image-box-description\">RetroCards est un jeu de carte pour vous aider \u00e0 organiser vos r\u00e9trospectives. <br>http:\/\/retrocards.loistoria.com\/ <\/p><\/div><\/div>\t\t\t\t<\/div>\n\t\t\t\t<\/div>\n\t\t\t\t\t<\/div>\n\t\t<\/div>\n\t\t\t\t<div class=\"elementor-column elementor-col-33 elementor-top-column elementor-element elementor-element-i2nq3xo\" data-id=\"i2nq3xo\" data-element_type=\"column\">\n\t\t\t<div class=\"elementor-widget-wrap elementor-element-populated\">\n\t\t\t\t\t\t<div class=\"elementor-element elementor-element-4118ghn elementor-widget elementor-widget-spacer\" data-id=\"4118ghn\" data-element_type=\"widget\" data-widget_type=\"spacer.default\">\n\t\t\t\t<div class=\"elementor-widget-container\">\n\t\t\t\t\t\t\t<div class=\"elementor-spacer\">\n\t\t\t<div class=\"elementor-spacer-inner\"><\/div>\n\t\t<\/div>\n\t\t\t\t\t\t<\/div>\n\t\t\t\t<\/div>\n\t\t\t\t<div class=\"elementor-element elementor-element-97b5414 elementor-position-top elementor-widget elementor-widget-image-box\" data-id=\"97b5414\" data-element_type=\"widget\" data-widget_type=\"image-box.default\">\n\t\t\t\t<div class=\"elementor-widget-container\">\n\t\t\t\t\t<div class=\"elementor-image-box-wrapper\"><figure class=\"elementor-image-box-img\"><a href=\"https:\/\/edouardcousin.home.blog\/\" tabindex=\"-1\"><img decoding=\"async\" width=\"150\" height=\"150\" src=\"https:\/\/loistoria.com\/wp-content\/uploads\/2020\/08\/theLogo-150x150.png\" class=\"attachment-thumbnail size-thumbnail wp-image-1268\" alt=\"\" srcset=\"https:\/\/loistoria.com\/wp-content\/uploads\/2020\/08\/theLogo-150x150.png 150w, https:\/\/loistoria.com\/wp-content\/uploads\/2020\/08\/theLogo-300x300.png 300w, https:\/\/loistoria.com\/wp-content\/uploads\/2020\/08\/theLogo-768x768.png 768w, https:\/\/loistoria.com\/wp-content\/uploads\/2020\/08\/theLogo.png 1000w\" sizes=\"(max-width: 150px) 100vw, 150px\" \/><\/a><\/figure><div class=\"elementor-image-box-content\"><h4 class=\"elementor-image-box-title\"><a href=\"https:\/\/edouardcousin.home.blog\/\">Mon blog autours de l'agilit\u00e9<\/a><\/h4><p class=\"elementor-image-box-description\">Agilit\u00e9, informatique et management : telles sont les sujets que j'aborde sur mon blog.<\/p><\/div><\/div>\t\t\t\t<\/div>\n\t\t\t\t<\/div>\n\t\t\t\t\t<\/div>\n\t\t<\/div>\n\t\t\t\t<div class=\"elementor-column elementor-col-33 elementor-top-column elementor-element elementor-element-vxwr90m\" data-id=\"vxwr90m\" data-element_type=\"column\">\n\t\t\t<div class=\"elementor-widget-wrap elementor-element-populated\">\n\t\t\t\t\t\t<div class=\"elementor-element elementor-element-femsanp elementor-widget elementor-widget-spacer\" data-id=\"femsanp\" data-element_type=\"widget\" data-widget_type=\"spacer.default\">\n\t\t\t\t<div class=\"elementor-widget-container\">\n\t\t\t\t\t\t\t<div class=\"elementor-spacer\">\n\t\t\t<div class=\"elementor-spacer-inner\"><\/div>\n\t\t<\/div>\n\t\t\t\t\t\t<\/div>\n\t\t\t\t<\/div>\n\t\t\t\t<div class=\"elementor-element elementor-element-16f3ef9 elementor-position-top elementor-widget elementor-widget-image-box\" data-id=\"16f3ef9\" data-element_type=\"widget\" data-widget_type=\"image-box.default\">\n\t\t\t\t<div class=\"elementor-widget-container\">\n\t\t\t\t\t<div class=\"elementor-image-box-wrapper\"><figure class=\"elementor-image-box-img\"><img loading=\"lazy\" decoding=\"async\" width=\"1280\" height=\"854\" src=\"https:\/\/loistoria.com\/wp-content\/uploads\/2020\/08\/code-code-editor-coding-1839406.jpg\" class=\"attachment-full size-full wp-image-1269\" alt=\"code, code editor, coding\" srcset=\"https:\/\/loistoria.com\/wp-content\/uploads\/2020\/08\/code-code-editor-coding-1839406.jpg 1280w, https:\/\/loistoria.com\/wp-content\/uploads\/2020\/08\/code-code-editor-coding-1839406-300x200.jpg 300w, https:\/\/loistoria.com\/wp-content\/uploads\/2020\/08\/code-code-editor-coding-1839406-1024x683.jpg 1024w, https:\/\/loistoria.com\/wp-content\/uploads\/2020\/08\/code-code-editor-coding-1839406-768x512.jpg 768w\" sizes=\"(max-width: 1280px) 100vw, 1280px\" \/><\/figure><div class=\"elementor-image-box-content\"><h4 class=\"elementor-image-box-title\">Et bient\u00f4t d'autres applications<\/h4><p class=\"elementor-image-box-description\">D'autres projets sont \u00e0 l'\u00e9tude...<\/p><\/div><\/div>\t\t\t\t<\/div>\n\t\t\t\t<\/div>\n\t\t\t\t\t<\/div>\n\t\t<\/div>\n\t\t\t\t\t<\/div>\n\t\t<\/section>\n\t\t\t\t<section class=\"elementor-section elementor-top-section elementor-element elementor-element-a16t7bl elementor-section-boxed elementor-section-height-default elementor-section-height-default\" data-id=\"a16t7bl\" data-element_type=\"section\" data-settings=\"{&quot;background_background&quot;:&quot;classic&quot;}\">\n\t\t\t\t\t\t\t<div class=\"elementor-background-overlay\"><\/div>\n\t\t\t\t\t\t\t<div class=\"elementor-container elementor-column-gap-no\">\n\t\t\t\t\t<div class=\"elementor-column elementor-col-100 elementor-top-column elementor-element elementor-element-amc39wt\" data-id=\"amc39wt\" data-element_type=\"column\">\n\t\t\t<div class=\"elementor-widget-wrap elementor-element-populated\">\n\t\t\t\t\t\t<div class=\"elementor-element elementor-element-7521ca1 elementor-widget elementor-widget-heading\" data-id=\"7521ca1\" data-element_type=\"widget\" data-widget_type=\"heading.default\">\n\t\t\t\t<div class=\"elementor-widget-container\">\n\t\t\t\t\t<h3 class=\"elementor-heading-title elementor-size-default\">Ces sujets vous int\u00e9ressent et vous souhaitez \u00e9changer<\/h3>\t\t\t\t<\/div>\n\t\t\t\t<\/div>\n\t\t\t\t<div class=\"elementor-element elementor-element-5b813a0 elementor-widget elementor-widget-heading\" data-id=\"5b813a0\" data-element_type=\"widget\" data-widget_type=\"heading.default\">\n\t\t\t\t<div class=\"elementor-widget-container\">\n\t\t\t\t\t<h5 class=\"elementor-heading-title elementor-size-default\">N'h\u00e9sitez pas \u00e0 utiliser le formulaire de contact pour \u00e9changer avec moi sur ces sujets!<\/h5>\t\t\t\t<\/div>\n\t\t\t\t<\/div>\n\t\t\t\t<div class=\"elementor-element elementor-element-de64e2a elementor-align-center elementor-widget elementor-widget-button\" data-id=\"de64e2a\" data-element_type=\"widget\" data-widget_type=\"button.default\">\n\t\t\t\t<div class=\"elementor-widget-container\">\n\t\t\t\t\t\t\t\t\t<div class=\"elementor-button-wrapper\">\n\t\t\t\t\t<a class=\"elementor-button elementor-button-link elementor-size-md\" href=\"http:\/\/contact-us\/\">\n\t\t\t\t\t\t<span class=\"elementor-button-content-wrapper\">\n\t\t\t\t\t\t\t\t\t<span class=\"elementor-button-text\">Contactez nous<\/span>\n\t\t\t\t\t<\/span>\n\t\t\t\t\t<\/a>\n\t\t\t\t<\/div>\n\t\t\t\t\t\t\t\t<\/div>\n\t\t\t\t<\/div>\n\t\t\t\t\t<\/div>\n\t\t<\/div>\n\t\t\t\t\t<\/div>\n\t\t<\/section>\n\t\t\t\t<\/div>\n\t\t","protected":false},"excerpt":{"rendered":"<p>A propos Pr\u00e9sentation Scrum master, d\u00e9veloppeur full-stack, manager, architecte : mon parcours professionnel m&rsquo;a permis d&rsquo;\u00e9voluer dans ce monde en changement. J&rsquo;appr\u00e9cie \u00e9changer autour des pratiques Agiles. J&rsquo;ai lanc\u00e9 de projet Lo Istoria en d\u00e9but d&rsquo;ann\u00e9e (2020) pour tester certaines technologies et surtout pour avoir un outils r\u00e9pondant mieux aux besoins de vouloir raconter sa [&hellip;]<\/p>\n","protected":false},"author":1,"featured_media":0,"parent":0,"menu_order":0,"comment_status":"closed","ping_status":"closed","template":"","meta":{"site-sidebar-layout":"no-sidebar","site-content-layout":"page-builder","ast-site-content-layout":"default","site-content-style":"default","site-sidebar-style":"default","ast-global-header-display":"","ast-banner-title-visibility":"","ast-main-header-display":"","ast-hfb-above-header-display":"","ast-hfb-below-header-display":"","ast-hfb-mobile-header-display":"","site-post-title":"disabled","ast-breadcrumbs-content":"","ast-featured-img":"disabled","footer-sml-layout":"","ast-disable-related-posts":"","theme-transparent-header-meta":"default","adv-header-id-meta":"","stick-header-meta":"","header-above-stick-meta":"","header-main-stick-meta":"","header-below-stick-meta":"","astra-migrate-meta-layouts":"default","ast-page-background-enabled":"default","ast-page-background-meta":{"desktop":{"background-color":"var(--ast-global-color-4)","background-image":"","background-repeat":"repeat","background-position":"center center","background-size":"auto","background-attachment":"scroll","background-type":"","background-media":"","overlay-type":"","overlay-color":"","overlay-opacity":"","overlay-gradient":""},"tablet":{"background-color":"","background-image":"","background-repeat":"repeat","background-position":"center center","background-size":"auto","background-attachment":"scroll","background-type":"","background-media":"","overlay-type":"","overlay-color":"","overlay-opacity":"","overlay-gradient":""},"mobile":{"background-color":"","background-image":"","background-repeat":"repeat","background-position":"center center","background-size":"auto","background-attachment":"scroll","background-type":"","background-media":"","overlay-type":"","overlay-color":"","overlay-opacity":"","overlay-gradient":""}},"ast-content-background-meta":{"desktop":{"background-color":"var(--ast-global-color-5)","background-image":"","background-repeat":"repeat","background-position":"center center","background-size":"auto","background-attachment":"scroll","background-type":"","background-media":"","overlay-type":"","overlay-color":"","overlay-opacity":"","overlay-gradient":""},"tablet":{"background-color":"var(--ast-global-color-5)","background-image":"","background-repeat":"repeat","background-position":"center center","background-size":"auto","background-attachment":"scroll","background-type":"","background-media":"","overlay-type":"","overlay-color":"","overlay-opacity":"","overlay-gradient":""},"mobile":{"background-color":"var(--ast-global-color-5)","background-image":"","background-repeat":"repeat","background-position":"center center","background-size":"auto","background-attachment":"scroll","background-type":"","background-media":"","overlay-type":"","overlay-color":"","overlay-opacity":"","overlay-gradient":""}},"footnotes":""},"class_list":["post-71","page","type-page","status-publish","hentry"],"yoast_head":"<!-- This site is optimized with the Yoast SEO plugin v26.6 - https:\/\/yoast.com\/wordpress\/plugins\/seo\/ -->\n<title>About - Lo Istoria<\/title>\n<meta name=\"robots\" content=\"index, follow, max-snippet:-1, max-image-preview:large, max-video-preview:-1\" \/>\n<link rel=\"canonical\" href=\"https:\/\/loistoria.com\/index.php\/about\/\" \/>\n<meta property=\"og:locale\" content=\"fr_FR\" \/>\n<meta property=\"og:type\" content=\"article\" \/>\n<meta property=\"og:title\" content=\"About - Lo Istoria\" \/>\n<meta property=\"og:description\" content=\"A propos Pr\u00e9sentation Scrum master, d\u00e9veloppeur full-stack, manager, architecte : mon parcours professionnel m&rsquo;a permis d&rsquo;\u00e9voluer dans ce monde en changement. J&rsquo;appr\u00e9cie \u00e9changer autour des pratiques Agiles. J&rsquo;ai lanc\u00e9 de projet Lo Istoria en d\u00e9but d&rsquo;ann\u00e9e (2020) pour tester certaines technologies et surtout pour avoir un outils r\u00e9pondant mieux aux besoins de vouloir raconter sa [&hellip;]\" \/>\n<meta property=\"og:url\" content=\"https:\/\/loistoria.com\/index.php\/about\/\" \/>\n<meta property=\"og:site_name\" content=\"Lo Istoria\" \/>\n<meta property=\"article:modified_time\" content=\"2020-09-12T16:55:30+00:00\" \/>\n<meta property=\"og:image\" content=\"http:\/\/loistoria.com\/wp-content\/uploads\/2020\/08\/identite1.jpg\" \/>\n<meta name=\"twitter:card\" content=\"summary_large_image\" \/>\n<meta name=\"twitter:label1\" content=\"Dur\u00e9e de lecture estim\u00e9e\" \/>\n\t<meta name=\"twitter:data1\" content=\"1 minute\" \/>\n<script type=\"application\/ld+json\" class=\"yoast-schema-graph\">{\"@context\":\"https:\/\/schema.org\",\"@graph\":[{\"@type\":\"WebPage\",\"@id\":\"https:\/\/loistoria.com\/index.php\/about\/\",\"url\":\"https:\/\/loistoria.com\/index.php\/about\/\",\"name\":\"About - Lo Istoria\",\"isPartOf\":{\"@id\":\"https:\/\/loistoria.com\/#website\"},\"primaryImageOfPage\":{\"@id\":\"https:\/\/loistoria.com\/index.php\/about\/#primaryimage\"},\"image\":{\"@id\":\"https:\/\/loistoria.com\/index.php\/about\/#primaryimage\"},\"thumbnailUrl\":\"http:\/\/loistoria.com\/wp-content\/uploads\/2020\/08\/identite1.jpg\",\"datePublished\":\"2017-07-12T05:53:59+00:00\",\"dateModified\":\"2020-09-12T16:55:30+00:00\",\"breadcrumb\":{\"@id\":\"https:\/\/loistoria.com\/index.php\/about\/#breadcrumb\"},\"inLanguage\":\"fr-FR\",\"potentialAction\":[{\"@type\":\"ReadAction\",\"target\":[\"https:\/\/loistoria.com\/index.php\/about\/\"]}]},{\"@type\":\"ImageObject\",\"inLanguage\":\"fr-FR\",\"@id\":\"https:\/\/loistoria.com\/index.php\/about\/#primaryimage\",\"url\":\"https:\/\/loistoria.com\/wp-content\/uploads\/2020\/08\/identite1.jpg\",\"contentUrl\":\"https:\/\/loistoria.com\/wp-content\/uploads\/2020\/08\/identite1.jpg\",\"width\":632,\"height\":800},{\"@type\":\"BreadcrumbList\",\"@id\":\"https:\/\/loistoria.com\/index.php\/about\/#breadcrumb\",\"itemListElement\":[{\"@type\":\"ListItem\",\"position\":1,\"name\":\"Accueil\",\"item\":\"https:\/\/loistoria.com\/\"},{\"@type\":\"ListItem\",\"position\":2,\"name\":\"About\"}]},{\"@type\":\"WebSite\",\"@id\":\"https:\/\/loistoria.com\/#website\",\"url\":\"https:\/\/loistoria.com\/\",\"name\":\"Lo Istoria\",\"description\":\"Le premier r\u00e9seau social vous permettant de raconter votre histoire.\",\"publisher\":{\"@id\":\"https:\/\/loistoria.com\/#\/schema\/person\/4aeca9d06d2d88c8ffb163116fbdf30e\"},\"potentialAction\":[{\"@type\":\"SearchAction\",\"target\":{\"@type\":\"EntryPoint\",\"urlTemplate\":\"https:\/\/loistoria.com\/?s={search_term_string}\"},\"query-input\":{\"@type\":\"PropertyValueSpecification\",\"valueRequired\":true,\"valueName\":\"search_term_string\"}}],\"inLanguage\":\"fr-FR\"},{\"@type\":[\"Person\",\"Organization\"],\"@id\":\"https:\/\/loistoria.com\/#\/schema\/person\/4aeca9d06d2d88c8ffb163116fbdf30e\",\"name\":\"ecousin@gmail.com\",\"image\":{\"@type\":\"ImageObject\",\"inLanguage\":\"fr-FR\",\"@id\":\"https:\/\/loistoria.com\/#\/schema\/person\/image\/\",\"url\":\"https:\/\/loistoria.com\/wp-content\/uploads\/2020\/08\/theLogo.png\",\"contentUrl\":\"https:\/\/loistoria.com\/wp-content\/uploads\/2020\/08\/theLogo.png\",\"width\":1000,\"height\":1000,\"caption\":\"ecousin@gmail.com\"},\"logo\":{\"@id\":\"https:\/\/loistoria.com\/#\/schema\/person\/image\/\"},\"sameAs\":[\"http:\/\/loistoria.com\"]}]}<\/script>\n<!-- \/ Yoast SEO plugin. -->","yoast_head_json":{"title":"About - Lo Istoria","robots":{"index":"index","follow":"follow","max-snippet":"max-snippet:-1","max-image-preview":"max-image-preview:large","max-video-preview":"max-video-preview:-1"},"canonical":"https:\/\/loistoria.com\/index.php\/about\/","og_locale":"fr_FR","og_type":"article","og_title":"About - Lo Istoria","og_description":"A propos Pr\u00e9sentation Scrum master, d\u00e9veloppeur full-stack, manager, architecte : mon parcours professionnel m&rsquo;a permis d&rsquo;\u00e9voluer dans ce monde en changement. J&rsquo;appr\u00e9cie \u00e9changer autour des pratiques Agiles. J&rsquo;ai lanc\u00e9 de projet Lo Istoria en d\u00e9but d&rsquo;ann\u00e9e (2020) pour tester certaines technologies et surtout pour avoir un outils r\u00e9pondant mieux aux besoins de vouloir raconter sa [&hellip;]","og_url":"https:\/\/loistoria.com\/index.php\/about\/","og_site_name":"Lo Istoria","article_modified_time":"2020-09-12T16:55:30+00:00","og_image":[{"url":"http:\/\/loistoria.com\/wp-content\/uploads\/2020\/08\/identite1.jpg","type":"","width":"","height":""}],"twitter_card":"summary_large_image","twitter_misc":{"Dur\u00e9e de lecture estim\u00e9e":"1 minute"},"schema":{"@context":"https:\/\/schema.org","@graph":[{"@type":"WebPage","@id":"https:\/\/loistoria.com\/index.php\/about\/","url":"https:\/\/loistoria.com\/index.php\/about\/","name":"About - Lo Istoria","isPartOf":{"@id":"https:\/\/loistoria.com\/#website"},"primaryImageOfPage":{"@id":"https:\/\/loistoria.com\/index.php\/about\/#primaryimage"},"image":{"@id":"https:\/\/loistoria.com\/index.php\/about\/#primaryimage"},"thumbnailUrl":"http:\/\/loistoria.com\/wp-content\/uploads\/2020\/08\/identite1.jpg","datePublished":"2017-07-12T05:53:59+00:00","dateModified":"2020-09-12T16:55:30+00:00","breadcrumb":{"@id":"https:\/\/loistoria.com\/index.php\/about\/#breadcrumb"},"inLanguage":"fr-FR","potentialAction":[{"@type":"ReadAction","target":["https:\/\/loistoria.com\/index.php\/about\/"]}]},{"@type":"ImageObject","inLanguage":"fr-FR","@id":"https:\/\/loistoria.com\/index.php\/about\/#primaryimage","url":"https:\/\/loistoria.com\/wp-content\/uploads\/2020\/08\/identite1.jpg","contentUrl":"https:\/\/loistoria.com\/wp-content\/uploads\/2020\/08\/identite1.jpg","width":632,"height":800},{"@type":"BreadcrumbList","@id":"https:\/\/loistoria.com\/index.php\/about\/#breadcrumb","itemListElement":[{"@type":"ListItem","position":1,"name":"Accueil","item":"https:\/\/loistoria.com\/"},{"@type":"ListItem","position":2,"name":"About"}]},{"@type":"WebSite","@id":"https:\/\/loistoria.com\/#website","url":"https:\/\/loistoria.com\/","name":"Lo Istoria","description":"Le premier r\u00e9seau social vous permettant de raconter votre histoire.","publisher":{"@id":"https:\/\/loistoria.com\/#\/schema\/person\/4aeca9d06d2d88c8ffb163116fbdf30e"},"potentialAction":[{"@type":"SearchAction","target":{"@type":"EntryPoint","urlTemplate":"https:\/\/loistoria.com\/?s={search_term_string}"},"query-input":{"@type":"PropertyValueSpecification","valueRequired":true,"valueName":"search_term_string"}}],"inLanguage":"fr-FR"},{"@type":["Person","Organization"],"@id":"https:\/\/loistoria.com\/#\/schema\/person\/4aeca9d06d2d88c8ffb163116fbdf30e","name":"ecousin@gmail.com","image":{"@type":"ImageObject","inLanguage":"fr-FR","@id":"https:\/\/loistoria.com\/#\/schema\/person\/image\/","url":"https:\/\/loistoria.com\/wp-content\/uploads\/2020\/08\/theLogo.png","contentUrl":"https:\/\/loistoria.com\/wp-content\/uploads\/2020\/08\/theLogo.png","width":1000,"height":1000,"caption":"ecousin@gmail.com"},"logo":{"@id":"https:\/\/loistoria.com\/#\/schema\/person\/image\/"},"sameAs":["http:\/\/loistoria.com"]}]}},"_links":{"self":[{"href":"https:\/\/loistoria.com\/index.php\/wp-json\/wp\/v2\/pages\/71","targetHints":{"allow":["GET"]}}],"collection":[{"href":"https:\/\/loistoria.com\/index.php\/wp-json\/wp\/v2\/pages"}],"about":[{"href":"https:\/\/loistoria.com\/index.php\/wp-json\/wp\/v2\/types\/page"}],"author":[{"embeddable":true,"href":"https:\/\/loistoria.com\/index.php\/wp-json\/wp\/v2\/users\/1"}],"replies":[{"embeddable":true,"href":"https:\/\/loistoria.com\/index.php\/wp-json\/wp\/v2\/comments?post=71"}],"version-history":[{"count":15,"href":"https:\/\/loistoria.com\/index.php\/wp-json\/wp\/v2\/pages\/71\/revisions"}],"predecessor-version":[{"id":1335,"href":"https:\/\/loistoria.com\/index.php\/wp-json\/wp\/v2\/pages\/71\/revisions\/1335"}],"wp:attachment":[{"href":"https:\/\/loistoria.com\/index.php\/wp-json\/wp\/v2\/media?parent=71"}],"curies":[{"name":"wp","href":"https:\/\/api.w.org\/{rel}","templated":true}]}}