{"id":73,"date":"2017-07-12T05:54:01","date_gmt":"2017-07-12T05:54:01","guid":{"rendered":"http:\/\/loistoria.com\/index.php\/contact-us\/"},"modified":"2020-10-04T08:19:22","modified_gmt":"2020-10-04T07:19:22","slug":"contact-us","status":"publish","type":"page","link":"https:\/\/loistoria.com\/index.php\/contact-us\/","title":{"rendered":"Contact"},"content":{"rendered":"\t\t<div data-elementor-type=\"wp-post\" data-elementor-id=\"73\" class=\"elementor elementor-73\">\n\t\t\t\t\t\t<section class=\"elementor-section elementor-top-section elementor-element elementor-element-jxpwnlo elementor-section-boxed elementor-section-height-default elementor-section-height-default\" data-id=\"jxpwnlo\" data-element_type=\"section\" data-settings=\"{&quot;background_background&quot;:&quot;classic&quot;}\">\n\t\t\t\t\t\t\t<div class=\"elementor-background-overlay\"><\/div>\n\t\t\t\t\t\t\t<div class=\"elementor-container elementor-column-gap-default\">\n\t\t\t\t\t<div class=\"elementor-column elementor-col-100 elementor-top-column elementor-element elementor-element-ziqflbf\" data-id=\"ziqflbf\" data-element_type=\"column\" data-settings=\"{&quot;background_background&quot;:&quot;classic&quot;}\">\n\t\t\t<div class=\"elementor-widget-wrap elementor-element-populated\">\n\t\t\t\t\t\t<div class=\"elementor-element elementor-element-6d37de0 elementor-widget elementor-widget-heading\" data-id=\"6d37de0\" data-element_type=\"widget\" data-widget_type=\"heading.default\">\n\t\t\t\t<div class=\"elementor-widget-container\">\n\t\t\t\t\t<h1 class=\"elementor-heading-title elementor-size-default\">Contactez Nous<\/h1>\t\t\t\t<\/div>\n\t\t\t\t<\/div>\n\t\t\t\t\t<\/div>\n\t\t<\/div>\n\t\t\t\t\t<\/div>\n\t\t<\/section>\n\t\t\t\t<section class=\"elementor-section elementor-top-section elementor-element elementor-element-8n0weug elementor-section-boxed elementor-section-height-default elementor-section-height-default\" data-id=\"8n0weug\" data-element_type=\"section\">\n\t\t\t\t\t\t<div class=\"elementor-container elementor-column-gap-default\">\n\t\t\t\t\t<div class=\"elementor-column elementor-col-50 elementor-top-column elementor-element elementor-element-2266cgj\" data-id=\"2266cgj\" data-element_type=\"column\">\n\t\t\t<div class=\"elementor-widget-wrap elementor-element-populated\">\n\t\t\t\t\t\t<div class=\"elementor-element elementor-element-7ab1cc4 elementor-widget elementor-widget-heading\" data-id=\"7ab1cc4\" data-element_type=\"widget\" data-widget_type=\"heading.default\">\n\t\t\t\t<div class=\"elementor-widget-container\">\n\t\t\t\t\t<h3 class=\"elementor-heading-title elementor-size-default\">Envoyez nous un message<\/h3>\t\t\t\t<\/div>\n\t\t\t\t<\/div>\n\t\t\t\t<div class=\"elementor-element elementor-element-59cc41f elementor-widget elementor-widget-text-editor\" data-id=\"59cc41f\" data-element_type=\"widget\" data-widget_type=\"text-editor.default\">\n\t\t\t\t<div class=\"elementor-widget-container\">\n\t\t\t\t\t\t\t\t\t<p>Envie de nous donner un feed back sur le site Lo Istoria, de participer au projet, de nous aider \u00e0 nous d\u00e9velopper ou tout simplement d&rsquo;\u00e9changer avec nous, n&rsquo;h\u00e9sitez pas le formulaire de contact est l\u00e0!<\/p>\t\t\t\t\t\t\t\t<\/div>\n\t\t\t\t<\/div>\n\t\t\t\t\t<\/div>\n\t\t<\/div>\n\t\t\t\t<div class=\"elementor-column elementor-col-50 elementor-top-column elementor-element elementor-element-8sirj9a\" data-id=\"8sirj9a\" data-element_type=\"column\" id=\"enquiry\">\n\t\t\t<div class=\"elementor-widget-wrap elementor-element-populated\">\n\t\t\t\t\t\t<div class=\"elementor-element elementor-element-ff79ad4 elementor-widget elementor-widget-shortcode\" data-id=\"ff79ad4\" data-element_type=\"widget\" data-widget_type=\"shortcode.default\">\n\t\t\t\t<div class=\"elementor-widget-container\">\n\t\t\t\t\t\t\t<div class=\"elementor-shortcode\">[wpforms id=\"5\"]<\/div>\n\t\t\t\t\t\t<\/div>\n\t\t\t\t<\/div>\n\t\t\t\t\t<\/div>\n\t\t<\/div>\n\t\t\t\t\t<\/div>\n\t\t<\/section>\n\t\t\t\t<\/div>\n\t\t","protected":false},"excerpt":{"rendered":"<p>Contactez Nous Envoyez nous un message Envie de nous donner un feed back sur le site Lo Istoria, de participer au projet, de nous aider \u00e0 nous d\u00e9velopper ou tout simplement d&rsquo;\u00e9changer avec nous, n&rsquo;h\u00e9sitez pas le formulaire de contact est l\u00e0! [wpforms id=\u00a0\u00bb5&Prime;]<\/p>\n","protected":false},"author":1,"featured_media":0,"parent":0,"menu_order":0,"comment_status":"closed","ping_status":"closed","template":"","meta":{"site-sidebar-layout":"no-sidebar","site-content-layout":"page-builder","ast-site-content-layout":"default","site-content-style":"default","site-sidebar-style":"default","ast-global-header-display":"","ast-banner-title-visibility":"","ast-main-header-display":"","ast-hfb-above-header-display":"","ast-hfb-below-header-display":"","ast-hfb-mobile-header-display":"","site-post-title":"disabled","ast-breadcrumbs-content":"","ast-featured-img":"disabled","footer-sml-layout":"","ast-disable-related-posts":"","theme-transparent-header-meta":"default","adv-header-id-meta":"","stick-header-meta":"","header-above-stick-meta":"","header-main-stick-meta":"","header-below-stick-meta":"","astra-migrate-meta-layouts":"default","ast-page-background-enabled":"default","ast-page-background-meta":{"desktop":{"background-color":"var(--ast-global-color-4)","background-image":"","background-repeat":"repeat","background-position":"center center","background-size":"auto","background-attachment":"scroll","background-type":"","background-media":"","overlay-type":"","overlay-color":"","overlay-opacity":"","overlay-gradient":""},"tablet":{"background-color":"","background-image":"","background-repeat":"repeat","background-position":"center center","background-size":"auto","background-attachment":"scroll","background-type":"","background-media":"","overlay-type":"","overlay-color":"","overlay-opacity":"","overlay-gradient":""},"mobile":{"background-color":"","background-image":"","background-repeat":"repeat","background-position":"center center","background-size":"auto","background-attachment":"scroll","background-type":"","background-media":"","overlay-type":"","overlay-color":"","overlay-opacity":"","overlay-gradient":""}},"ast-content-background-meta":{"desktop":{"background-color":"var(--ast-global-color-5)","background-image":"","background-repeat":"repeat","background-position":"center center","background-size":"auto","background-attachment":"scroll","background-type":"","background-media":"","overlay-type":"","overlay-color":"","overlay-opacity":"","overlay-gradient":""},"tablet":{"background-color":"var(--ast-global-color-5)","background-image":"","background-repeat":"repeat","background-position":"center center","background-size":"auto","background-attachment":"scroll","background-type":"","background-media":"","overlay-type":"","overlay-color":"","overlay-opacity":"","overlay-gradient":""},"mobile":{"background-color":"var(--ast-global-color-5)","background-image":"","background-repeat":"repeat","background-position":"center center","background-size":"auto","background-attachment":"scroll","background-type":"","background-media":"","overlay-type":"","overlay-color":"","overlay-opacity":"","overlay-gradient":""}},"footnotes":""},"class_list":["post-73","page","type-page","status-publish","hentry"],"yoast_head":"<!-- This site is optimized with the Yoast SEO plugin v26.6 - https:\/\/yoast.com\/wordpress\/plugins\/seo\/ -->\n<title>Contact - Lo Istoria<\/title>\n<meta name=\"robots\" content=\"index, follow, max-snippet:-1, max-image-preview:large, max-video-preview:-1\" \/>\n<link rel=\"canonical\" href=\"https:\/\/loistoria.com\/index.php\/contact-us\/\" \/>\n<meta property=\"og:locale\" content=\"fr_FR\" \/>\n<meta property=\"og:type\" content=\"article\" \/>\n<meta property=\"og:title\" content=\"Contact - Lo Istoria\" \/>\n<meta property=\"og:description\" content=\"Contactez Nous Envoyez nous un message Envie de nous donner un feed back sur le site Lo Istoria, de participer au projet, de nous aider \u00e0 nous d\u00e9velopper ou tout simplement d&rsquo;\u00e9changer avec nous, n&rsquo;h\u00e9sitez pas le formulaire de contact est l\u00e0! [wpforms id=\u00a0\u00bb5&Prime;]\" \/>\n<meta property=\"og:url\" content=\"https:\/\/loistoria.com\/index.php\/contact-us\/\" \/>\n<meta property=\"og:site_name\" content=\"Lo Istoria\" \/>\n<meta property=\"article:modified_time\" content=\"2020-10-04T07:19:22+00:00\" \/>\n<meta name=\"twitter:card\" content=\"summary_large_image\" \/>\n<script type=\"application\/ld+json\" class=\"yoast-schema-graph\">{\"@context\":\"https:\/\/schema.org\",\"@graph\":[{\"@type\":\"WebPage\",\"@id\":\"https:\/\/loistoria.com\/index.php\/contact-us\/\",\"url\":\"https:\/\/loistoria.com\/index.php\/contact-us\/\",\"name\":\"Contact - Lo Istoria\",\"isPartOf\":{\"@id\":\"https:\/\/loistoria.com\/#website\"},\"datePublished\":\"2017-07-12T05:54:01+00:00\",\"dateModified\":\"2020-10-04T07:19:22+00:00\",\"breadcrumb\":{\"@id\":\"https:\/\/loistoria.com\/index.php\/contact-us\/#breadcrumb\"},\"inLanguage\":\"fr-FR\",\"potentialAction\":[{\"@type\":\"ReadAction\",\"target\":[\"https:\/\/loistoria.com\/index.php\/contact-us\/\"]}]},{\"@type\":\"BreadcrumbList\",\"@id\":\"https:\/\/loistoria.com\/index.php\/contact-us\/#breadcrumb\",\"itemListElement\":[{\"@type\":\"ListItem\",\"position\":1,\"name\":\"Accueil\",\"item\":\"https:\/\/loistoria.com\/\"},{\"@type\":\"ListItem\",\"position\":2,\"name\":\"Contact\"}]},{\"@type\":\"WebSite\",\"@id\":\"https:\/\/loistoria.com\/#website\",\"url\":\"https:\/\/loistoria.com\/\",\"name\":\"Lo Istoria\",\"description\":\"Le premier r\u00e9seau social vous permettant de raconter votre histoire.\",\"publisher\":{\"@id\":\"https:\/\/loistoria.com\/#\/schema\/person\/4aeca9d06d2d88c8ffb163116fbdf30e\"},\"potentialAction\":[{\"@type\":\"SearchAction\",\"target\":{\"@type\":\"EntryPoint\",\"urlTemplate\":\"https:\/\/loistoria.com\/?s={search_term_string}\"},\"query-input\":{\"@type\":\"PropertyValueSpecification\",\"valueRequired\":true,\"valueName\":\"search_term_string\"}}],\"inLanguage\":\"fr-FR\"},{\"@type\":[\"Person\",\"Organization\"],\"@id\":\"https:\/\/loistoria.com\/#\/schema\/person\/4aeca9d06d2d88c8ffb163116fbdf30e\",\"name\":\"ecousin@gmail.com\",\"image\":{\"@type\":\"ImageObject\",\"inLanguage\":\"fr-FR\",\"@id\":\"https:\/\/loistoria.com\/#\/schema\/person\/image\/\",\"url\":\"https:\/\/loistoria.com\/wp-content\/uploads\/2020\/08\/theLogo.png\",\"contentUrl\":\"https:\/\/loistoria.com\/wp-content\/uploads\/2020\/08\/theLogo.png\",\"width\":1000,\"height\":1000,\"caption\":\"ecousin@gmail.com\"},\"logo\":{\"@id\":\"https:\/\/loistoria.com\/#\/schema\/person\/image\/\"},\"sameAs\":[\"http:\/\/loistoria.com\"]}]}<\/script>\n<!-- \/ Yoast SEO plugin. -->","yoast_head_json":{"title":"Contact - Lo Istoria","robots":{"index":"index","follow":"follow","max-snippet":"max-snippet:-1","max-image-preview":"max-image-preview:large","max-video-preview":"max-video-preview:-1"},"canonical":"https:\/\/loistoria.com\/index.php\/contact-us\/","og_locale":"fr_FR","og_type":"article","og_title":"Contact - Lo Istoria","og_description":"Contactez Nous Envoyez nous un message Envie de nous donner un feed back sur le site Lo Istoria, de participer au projet, de nous aider \u00e0 nous d\u00e9velopper ou tout simplement d&rsquo;\u00e9changer avec nous, n&rsquo;h\u00e9sitez pas le formulaire de contact est l\u00e0! [wpforms id=\u00a0\u00bb5&Prime;]","og_url":"https:\/\/loistoria.com\/index.php\/contact-us\/","og_site_name":"Lo Istoria","article_modified_time":"2020-10-04T07:19:22+00:00","twitter_card":"summary_large_image","schema":{"@context":"https:\/\/schema.org","@graph":[{"@type":"WebPage","@id":"https:\/\/loistoria.com\/index.php\/contact-us\/","url":"https:\/\/loistoria.com\/index.php\/contact-us\/","name":"Contact - Lo Istoria","isPartOf":{"@id":"https:\/\/loistoria.com\/#website"},"datePublished":"2017-07-12T05:54:01+00:00","dateModified":"2020-10-04T07:19:22+00:00","breadcrumb":{"@id":"https:\/\/loistoria.com\/index.php\/contact-us\/#breadcrumb"},"inLanguage":"fr-FR","potentialAction":[{"@type":"ReadAction","target":["https:\/\/loistoria.com\/index.php\/contact-us\/"]}]},{"@type":"BreadcrumbList","@id":"https:\/\/loistoria.com\/index.php\/contact-us\/#breadcrumb","itemListElement":[{"@type":"ListItem","position":1,"name":"Accueil","item":"https:\/\/loistoria.com\/"},{"@type":"ListItem","position":2,"name":"Contact"}]},{"@type":"WebSite","@id":"https:\/\/loistoria.com\/#website","url":"https:\/\/loistoria.com\/","name":"Lo Istoria","description":"Le premier r\u00e9seau social vous permettant de raconter votre histoire.","publisher":{"@id":"https:\/\/loistoria.com\/#\/schema\/person\/4aeca9d06d2d88c8ffb163116fbdf30e"},"potentialAction":[{"@type":"SearchAction","target":{"@type":"EntryPoint","urlTemplate":"https:\/\/loistoria.com\/?s={search_term_string}"},"query-input":{"@type":"PropertyValueSpecification","valueRequired":true,"valueName":"search_term_string"}}],"inLanguage":"fr-FR"},{"@type":["Person","Organization"],"@id":"https:\/\/loistoria.com\/#\/schema\/person\/4aeca9d06d2d88c8ffb163116fbdf30e","name":"ecousin@gmail.com","image":{"@type":"ImageObject","inLanguage":"fr-FR","@id":"https:\/\/loistoria.com\/#\/schema\/person\/image\/","url":"https:\/\/loistoria.com\/wp-content\/uploads\/2020\/08\/theLogo.png","contentUrl":"https:\/\/loistoria.com\/wp-content\/uploads\/2020\/08\/theLogo.png","width":1000,"height":1000,"caption":"ecousin@gmail.com"},"logo":{"@id":"https:\/\/loistoria.com\/#\/schema\/person\/image\/"},"sameAs":["http:\/\/loistoria.com"]}]}},"_links":{"self":[{"href":"https:\/\/loistoria.com\/index.php\/wp-json\/wp\/v2\/pages\/73","targetHints":{"allow":["GET"]}}],"collection":[{"href":"https:\/\/loistoria.com\/index.php\/wp-json\/wp\/v2\/pages"}],"about":[{"href":"https:\/\/loistoria.com\/index.php\/wp-json\/wp\/v2\/types\/page"}],"author":[{"embeddable":true,"href":"https:\/\/loistoria.com\/index.php\/wp-json\/wp\/v2\/users\/1"}],"replies":[{"embeddable":true,"href":"https:\/\/loistoria.com\/index.php\/wp-json\/wp\/v2\/comments?post=73"}],"version-history":[{"count":10,"href":"https:\/\/loistoria.com\/index.php\/wp-json\/wp\/v2\/pages\/73\/revisions"}],"predecessor-version":[{"id":1282,"href":"https:\/\/loistoria.com\/index.php\/wp-json\/wp\/v2\/pages\/73\/revisions\/1282"}],"wp:attachment":[{"href":"https:\/\/loistoria.com\/index.php\/wp-json\/wp\/v2\/media?parent=73"}],"curies":[{"name":"wp","href":"https:\/\/api.w.org\/{rel}","templated":true}]}}